{"id":91,"date":"2019-01-04T17:39:52","date_gmt":"2019-01-04T16:39:52","guid":{"rendered":"http:\/\/www.monsoti.fr\/?page_id=91"},"modified":"2024-05-26T20:08:23","modified_gmt":"2024-05-26T18:08:23","slug":"nhesitez-pas-a-prendre-contact","status":"publish","type":"page","link":"https:\/\/www.monsoti.fr\/index.php\/nhesitez-pas-a-prendre-contact\/","title":{"rendered":"N\u2019h\u00e9sitez pas \u00e0 prendre contact !"},"content":{"rendered":"<p><strong>Notre mission de conseil est primordiale, pour comprendre vos d\u00e9sirs et chiffrer exactement, \u00e0 un prix comp\u00e9titif, la r\u00e9alisation de vos travaux.<\/strong><\/p>\n<p>Ensemble, nous \u00e9tudions les meilleures options pour r\u00e9pondre \u00e0 vos souhaits et \u00e0 vos exigences. Apr\u00e8s analyse de votre projet de cr\u00e9ation ou de r\u00e9novation par nos \u00e9quipes de professionnels, un devis d\u00e9taill\u00e9 pour une&nbsp;installation vous est transmis. Cette demande de devis est gratuite et ne vous engage nullement \u00e0 effectuer des travaux.<\/p>\n<p><strong>Les activit\u00e9s de l\u2019entreprise s\u2019\u00e9tendent sur Paris et toute l\u2019Ile de France. \u00c9galement dans toute la France pour les chantiers ponctuels.&nbsp;<\/strong>La soci\u00e9t\u00e9 Monsoti est aujourd\u2019hui implant\u00e9e \u00e0 Chevilly-Larue (94) o\u00f9 se trouvent ses bureaux, ses ateliers et ses d\u00e9p\u00f4ts.<\/p>\n<p>Nous garantissons \u00e0 nos clients le double objectif d\u2019une satisfaction totale et d\u2019un travail de qualit\u00e9.&nbsp;Pour r\u00e9pondre au mieux \u00e0 vos attentes, n\u2019h\u00e9sitez pas \u00e0 t\u00e9l\u00e9phoner et \u00e0 prendre contact&#8230;<\/p>\n<p><\/p>\n<p><a href=\"http:\/\/snmb.fr\/wp-content\/uploads\/2018\/11\/mailbox-icon-copie.png\"><img decoding=\"async\" class=\" wp-image-129 alignleft\" src=\"http:\/\/snmb.fr\/wp-content\/uploads\/2018\/11\/mailbox-icon-copie.png\" alt=\"\" width=\"159\" height=\"197\"><\/a><\/p>\n<p><span style=\"color: #000000;\"><strong>Adresse postale :<\/strong><\/span><\/p>\n<p style=\"padding-left: 120px; text-align: left;\"><span style=\"color: #000000;\"><strong>MONSOTI B\u00c2TIMENT<\/strong><\/span><br><span style=\"color: #000000;\"><strong>5 rue Henri Dunant<\/strong><\/span><br><span style=\"color: #000000;\"><strong>94550 Chevilly Larue<\/strong><\/span><\/p>\n<p style=\"padding-left: 390px; text-align: left;\">\n<\/p><p style=\"text-align: right;\"><img decoding=\"async\" class=\"wp-image-767 alignright\" src=\"http:\/\/www.monsoti.fr\/wp-content\/uploads\/2020\/09\/contact-1.jpg\" alt=\"\" width=\"168\" height=\"144\" srcset=\"https:\/\/www.monsoti.fr\/wp-content\/uploads\/2020\/09\/contact-1.jpg 306w, https:\/\/www.monsoti.fr\/wp-content\/uploads\/2020\/09\/contact-1-300x258.jpg 300w\" sizes=\"(max-width: 168px) 100vw, 168px\" \/><span style=\"color: #000000;\"><strong>T\u00e9l :+33 (0)1 41 80 07 10<\/strong><\/span><br><span style=\"color: #000000;\"><strong>Fax : +33 (0)1 41 80 07 11<\/strong><\/span><br><span style=\"color: #000000;\"><strong>E-mail : contact@monsoti.fr<\/strong><\/span><br><span style=\"color: #000000;\"><strong>Site : http:\/\/www.monsoti.fr<\/strong><\/span><\/p>\n\n\n<p><br><br><br><\/p>\n\n\n\n<div class=\"wp-block-group has-black-color has-text-color has-background is-layout-flow wp-block-group-is-layout-flow\" style=\"background:linear-gradient(73deg,rgb(250,250,250) 0%,rgb(249,252,253) 46%,rgb(161,159,163) 100%)\"><div class=\"wp-block-group__inner-container\"><\/div><\/div>\n","protected":false},"excerpt":{"rendered":"<p>Notre mission de conseil est primordiale, pour comprendre vos d\u00e9sirs et chiffrer exactement, \u00e0 un prix comp\u00e9titif, la r\u00e9alisation de vos travaux. Ensemble, nous \u00e9tudions les meilleures options pour r\u00e9pondre \u00e0 vos souhaits et \u00e0 vos exigences. Apr\u00e8s analyse de votre projet de cr\u00e9ation ou de r\u00e9novation par nos \u00e9quipes de professionnels, un devis d\u00e9taill\u00e9<\/p><\/div>\n<div class=\"blog-btn\"><a href=\"https:\/\/www.monsoti.fr\/index.php\/nhesitez-pas-a-prendre-contact\/\" class=\"home-blog-btn\">Read More<\/a><\/p>\n","protected":false},"author":1,"featured_media":0,"parent":0,"menu_order":0,"comment_status":"closed","ping_status":"closed","template":"template\/template-contact.php","meta":{"footnotes":""},"_links":{"self":[{"href":"https:\/\/www.monsoti.fr\/index.php\/wp-json\/wp\/v2\/pages\/91"}],"collection":[{"href":"https:\/\/www.monsoti.fr\/index.php\/wp-json\/wp\/v2\/pages"}],"about":[{"href":"https:\/\/www.monsoti.fr\/index.php\/wp-json\/wp\/v2\/types\/page"}],"author":[{"embeddable":true,"href":"https:\/\/www.monsoti.fr\/index.php\/wp-json\/wp\/v2\/users\/1"}],"replies":[{"embeddable":true,"href":"https:\/\/www.monsoti.fr\/index.php\/wp-json\/wp\/v2\/comments?post=91"}],"version-history":[{"count":1,"href":"https:\/\/www.monsoti.fr\/index.php\/wp-json\/wp\/v2\/pages\/91\/revisions"}],"predecessor-version":[{"id":2141,"href":"https:\/\/www.monsoti.fr\/index.php\/wp-json\/wp\/v2\/pages\/91\/revisions\/2141"}],"wp:attachment":[{"href":"https:\/\/www.monsoti.fr\/index.php\/wp-json\/wp\/v2\/media?parent=91"}],"curies":[{"name":"wp","href":"https:\/\/api.w.org\/{rel}","templated":true}]}}