{"id":48,"date":"2019-01-04T17:30:13","date_gmt":"2019-01-04T16:30:13","guid":{"rendered":"http:\/\/www.monsoti.fr\/?page_id=48"},"modified":"2020-09-18T08:04:40","modified_gmt":"2020-09-18T06:04:40","slug":"blog","status":"publish","type":"page","link":"https:\/\/www.monsoti.fr\/index.php\/blog\/","title":{"rendered":"La culture du handicap, une n\u00e9cessit\u00e9 humaine au c\u0153ur de nos pr\u00e9occupations"},"content":{"rendered":"<p><img decoding=\"async\" class=\"wp-image-465 size-large alignleft\" src=\"http:\/\/www.monsoti.fr\/wp-content\/uploads\/2020\/09\/steven-hwg-zBsdRTHIIm4-unsplash-1024x683.jpg\" alt=\"\" width=\"696\" height=\"464\" srcset=\"https:\/\/www.monsoti.fr\/wp-content\/uploads\/2020\/09\/steven-hwg-zBsdRTHIIm4-unsplash-1024x683.jpg 1024w, https:\/\/www.monsoti.fr\/wp-content\/uploads\/2020\/09\/steven-hwg-zBsdRTHIIm4-unsplash-300x200.jpg 300w, https:\/\/www.monsoti.fr\/wp-content\/uploads\/2020\/09\/steven-hwg-zBsdRTHIIm4-unsplash-768x512.jpg 768w, https:\/\/www.monsoti.fr\/wp-content\/uploads\/2020\/09\/steven-hwg-zBsdRTHIIm4-unsplash.jpg 1920w\" sizes=\"(max-width: 696px) 100vw, 696px\" \/><\/p>\n<h5><em>La mise en conformit\u00e9 d\u2019un logement passe par l\u2019analyse des probl\u00e8mes d\u2019accessibilit\u00e9 <\/em><em>et la mise en \u0153uvre de solutions techniques adapt\u00e9es pour tous, en donnant une attention particuli\u00e8re au bien-\u00eatre des personnes \u00e2g\u00e9es, en difficult\u00e9 ou handicap\u00e9es. <\/em><\/h5>\n<h5><em>Cette accessibilit\u00e9 des Personnes \u00e0 Mobilit\u00e9 R\u00e9duite (PMR) est un droit humain naturel et nos \u00e9quipes s\u2019y impliquent fortement cas par cas. <\/em><\/h5>\n<h5><em>Ainsi, fid\u00e8les \u00e0 nos engagements du \u00ab mieux-\u00eatre ensemble \u00bb, nous travaillons avec un ergoth\u00e9rapeute car l\u2019adaptation aux handicaps devient tout naturellement un enjeu majeur de sant\u00e9 publique.<\/em><\/h5>\n<h4><\/h4>\n<p>&nbsp;<\/p>\n<h4><span style=\"color: #000080;\"><strong>Adaptation aux handicaps aux Personnes \u00e0 Mobilit\u00e9 R\u00e9duite (P.M.R)<\/strong><\/span><\/h4>\n<p>L\u2019accessibilit\u00e9 g\u00e9n\u00e9ralis\u00e9e des b\u00e2timents, logements ou Etablissements Recevant du Public (ERP, habitations collectives et individuelles, publics ou priv\u00e9es) est une obligation impos\u00e9e par la loi du 11 f\u00e9vrier 2005.\u00a0 \u00a0 \u00a0 \u00a0 \u00a0 \u00a0 \u00a0 \u00a0 \u00a0 \u00a0 \u00a0 \u00a0 \u00a0 \u00a0 \u00a0 \u00a0 \u00a0 \u00a0 \u00a0 \u00a0 \u00a0 \u00a0 \u00a0 \u00a0 \u00a0 \u00a0 \u00a0 \u00a0 \u00a0 \u00a0 \u00a0 \u00a0 \u00a0 \u00a0 \u00a0 \u00a0 \u00a0 \u00a0 \u00a0 \u00a0 \u00a0 \u00a0 \u00a0 \u00a0 \u00a0 \u00a0 \u00a0 \u00a0 \u00a0 \u00a0 \u00a0 \u00a0 \u00a0 \u00a0 \u00a0 \u00a0 \u00a0 \u00a0 \u00a0 \u00a0 \u00a0 \u00a0 \u00a0 \u00a0 \u00a0 \u00a0 \u00a0 \u00a0 \u00a0 \u00a0 \u00a0 \u00a0 \u00a0 \u00a0 \u00a0 \u00a0 \u00a0 \u00a0 \u00a0 \u00a0 \u00a0 \u00a0 \u00a0 \u00a0 \u00a0 \u00a0 \u00a0 \u00a0 \u00a0 \u00a0 \u00a0 \u00a0 L&rsquo;accessibilit\u00e9 contribue \u00e0 am\u00e9liorer le cadre de vie de chacun. Elle b\u00e9n\u00e9ficie, notamment, aux personnes dites \u00e0 mobilit\u00e9 r\u00e9duite, qui inclut les personnes \u00e2g\u00e9es ou en situation de handicap et aussi les femmes enceintes, les parents qui se d\u00e9placent avec des enfants en poussette, les personnes de petite taille, les voyageurs encombr\u00e9s de bagages &#8230;<\/p>\n<h4><span style=\"color: #000080;\"><strong><br \/>\nNotre offre PMR <\/strong><\/span><\/h4>\n<p>Pour r\u00e9pondre aux enjeux du \u00ab\u00a0mieux vieillir\u00a0\u00bb, la culture du handicap et de la mobilit\u00e9 est au c\u0153ur de nos pr\u00e9occupations. La mise en conformit\u00e9 d\u2019un logement passe par l\u2019analyse des probl\u00e8mes d\u2019accessibilit\u00e9 et la mise en \u0153uvre de solutions techniques adapt\u00e9es pour tous, en donnant une attention particuli\u00e8re au bien-\u00eatre des personnes \u00e2g\u00e9es, en difficult\u00e9 ou handicap\u00e9es.<\/p>\n<p><b>Notre cahier des charges d&rsquo;accessibilit\u00e9 a d\u00e9j\u00e0 sensibilis\u00e9 l\u2019ensemble de notre personnel a\u0300 ces nouvelles obligations et nous sommes pr\u00eats \u00e0 intervenir sur ce sujet sur n\u2019importe quel chantier. <\/b><\/p>\n<p>L\u2019entreprise MONSOTI s\u2019implique fortement dans le respect des r\u00e8gles de constructions concernant les b\u00e2timents accessibles aux personnes handicap\u00e9es : r\u00e9flexion g\u00e9n\u00e9rale, r\u00e8gles \u00e0 respecter, modalit\u00e9s particuli\u00e8res dans le b\u00e2ti existant, r\u00e9f\u00e9rences r\u00e9glementaires, solutions techniques \u00e0 mettre en \u0153uvre pour chaque \u00e9l\u00e9ment (portes, sas, ascenseur\u2026) ou chaque pi\u00e8ce \u00e0 am\u00e9nager (couloir, chambre, cuisine&#8230;).<\/p>\n<p>Concevoir un b\u00e2timent accessible s&rsquo;adresse autant aux concepteurs dans leurs op\u00e9rations de constructions neuves ou de r\u00e9habilitation, qu&rsquo;aux ma\u00eetres d&rsquo;ouvrage pour \u00e9laborer le diagnostic de leur patrimoine.<\/p>\n<p><img decoding=\"async\" class=\"aligncenter wp-image-628\" src=\"http:\/\/www.monsoti.fr\/wp-content\/uploads\/2020\/09\/2250796227_1aa36e9368_o-copie-1024x585.jpg\" alt=\"\" width=\"462\" height=\"264\" srcset=\"https:\/\/www.monsoti.fr\/wp-content\/uploads\/2020\/09\/2250796227_1aa36e9368_o-copie-1024x585.jpg 1024w, https:\/\/www.monsoti.fr\/wp-content\/uploads\/2020\/09\/2250796227_1aa36e9368_o-copie-300x171.jpg 300w, https:\/\/www.monsoti.fr\/wp-content\/uploads\/2020\/09\/2250796227_1aa36e9368_o-copie-768x439.jpg 768w, https:\/\/www.monsoti.fr\/wp-content\/uploads\/2020\/09\/2250796227_1aa36e9368_o-copie.jpg 1920w\" sizes=\"(max-width: 462px) 100vw, 462px\" \/><\/p>\n<p>&nbsp;<\/p>\n<p>&nbsp;<\/p>\n","protected":false},"excerpt":{"rendered":"<p>La mise en conformit\u00e9 d\u2019un logement passe par l\u2019analyse des probl\u00e8mes d\u2019accessibilit\u00e9 et la mise en \u0153uvre de solutions techniques adapt\u00e9es pour tous, en donnant une attention particuli\u00e8re au bien-\u00eatre des personnes \u00e2g\u00e9es, en difficult\u00e9 ou handicap\u00e9es. Cette accessibilit\u00e9 des Personnes \u00e0 Mobilit\u00e9 R\u00e9duite (PMR) est un droit humain naturel et nos \u00e9quipes s\u2019y impliquent<\/p><\/div>\n<div class=\"blog-btn\"><a href=\"https:\/\/www.monsoti.fr\/index.php\/blog\/\" class=\"home-blog-btn\">Read More<\/a><\/p>\n","protected":false},"author":1,"featured_media":0,"parent":0,"menu_order":0,"comment_status":"closed","ping_status":"closed","template":"template\/template-page-full-width.php","meta":{"footnotes":""},"_links":{"self":[{"href":"https:\/\/www.monsoti.fr\/index.php\/wp-json\/wp\/v2\/pages\/48"}],"collection":[{"href":"https:\/\/www.monsoti.fr\/index.php\/wp-json\/wp\/v2\/pages"}],"about":[{"href":"https:\/\/www.monsoti.fr\/index.php\/wp-json\/wp\/v2\/types\/page"}],"author":[{"embeddable":true,"href":"https:\/\/www.monsoti.fr\/index.php\/wp-json\/wp\/v2\/users\/1"}],"replies":[{"embeddable":true,"href":"https:\/\/www.monsoti.fr\/index.php\/wp-json\/wp\/v2\/comments?post=48"}],"version-history":[{"count":0,"href":"https:\/\/www.monsoti.fr\/index.php\/wp-json\/wp\/v2\/pages\/48\/revisions"}],"wp:attachment":[{"href":"https:\/\/www.monsoti.fr\/index.php\/wp-json\/wp\/v2\/media?parent=48"}],"curies":[{"name":"wp","href":"https:\/\/api.w.org\/{rel}","templated":true}]}}