{"id":1874,"date":"2024-05-20T22:16:06","date_gmt":"2024-05-20T20:16:06","guid":{"rendered":"http:\/\/www.monsoti.fr\/?page_id=1874"},"modified":"2024-05-31T18:32:19","modified_gmt":"2024-05-31T16:32:19","slug":"dechets-climat","status":"publish","type":"page","link":"https:\/\/www.monsoti.fr\/index.php\/dechets-climat\/","title":{"rendered":"Changement climatique : le r\u00f4le cl\u00e9 de la gestion des d\u00e9chets"},"content":{"rendered":"\n<div class=\"wp-block-columns is-layout-flex wp-container-core-columns-is-layout-1 wp-block-columns-is-layout-flex\">\n<div class=\"wp-block-column is-layout-flow wp-block-column-is-layout-flow\" style=\"flex-basis:100%\">\n<div class=\"wp-block-group alignfull has-background\" style=\"background-color:#c5ded3;padding-top:6vw;padding-right:6vw;padding-bottom:6vw;padding-left:6vw\"><div class=\"wp-block-group__inner-container is-layout-constrained wp-block-group-is-layout-constrained\">\n<div class=\"wp-block-group is-vertical is-nowrap is-layout-flex wp-container-core-group-is-layout-1 wp-block-group-is-layout-flex\" style=\"padding-right:0;padding-left:0\">\n<h6 class=\"wp-block-heading has-text-color\" id=\"ecosystem\" style=\"color:#000000;font-size:16px\">\u00c9COSYST\u00c8ME<\/h6>\n\n\n\n<p class=\"has-text-color\" style=\"color:#000000;font-size:58px;font-style:normal;font-weight:700;line-height:0.9;text-decoration:none;text-transform:none\">Une r\u00e9ponse au changement climatique.<\/p>\n\n\n\n<p><\/p>\n\n\n\n<p>&nbsp;<\/p>\n<\/div>\n\n\n\n<div style=\"height:0px;width:0px\" aria-hidden=\"true\" class=\"wp-block-spacer\"><\/div>\n\n\n<div class=\"wp-block-image\">\n<figure class=\"alignright size-large is-resized\"><img decoding=\"async\" width=\"724\" height=\"1024\" src=\"http:\/\/www.monsoti.fr\/wp-content\/uploads\/2024\/05\/LE-TRI-6-pdf-724x1024.jpg\" alt=\"\" class=\"wp-image-1956\" style=\"width:330px;height:auto\"\/><\/figure><\/div>\n\n\n<p>Il est de plus en plus difficile d&rsquo;ignorer l&rsquo;impact de nos d\u00e9chets sur le climat. L&rsquo;impact climatique des d\u00e9chets en France est \u00e9valu\u00e9 \u00e0 environ 4 % des \u00e9missions de gaz \u00e0 effet de serre (GES) d&rsquo;apr\u00e8s le Haut Conseil pour le climat.<\/p>\n\n\n\n<p>La gestion des d\u00e9chets de nos activit\u00e9s fait l\u2019objet de sensibilisations r\u00e9guli\u00e8res aupr\u00e8s de nos \u00e9quipes op\u00e9rationnelles. C\u2019est le 3<sup>\u00e8me<\/sup>&nbsp;poste d\u2019\u00e9mission de GES (5%).<\/p>\n\n\n\n<p>Aucun d\u00e9chets n&rsquo;est laiss\u00e9 sur nos chantiers. 100% de nos d\u00e9chets sont rapport\u00e9s sur le site de Chevilly-Larue pour \u00eatre tri\u00e9s, recycl\u00e9s ou r\u00e9employ\u00e9s.<\/p>\n\n\n\n<p><strong>La transition vers une \u00e9conomie circulaire sur nos activit\u00e9s de recyclage des d\u00e9chets est notre objectif num\u00e9ro 1.<br>Plusieurs programmes de recyclages sont en place dans l\u2019entreprise.<\/strong>&nbsp;&nbsp;<\/p>\n\n\n\n<ul>\n<li><strong>Nous sommes Partenaire Circulaire sur le programme de recyclage TOURNESOL<\/strong><\/li>\n<\/ul>\n\n\n\n<p><a href=\"http:\/\/www.monsoti.fr\/wp-content\/uploads\/2024\/05\/Partenaire-Circulaire-2.pdf\"><strong><em>PARTENAIRE CIRCULAIRE<\/em><\/strong><\/a><\/p>\n\n\n\n<ul>\n<li><strong>Nous sommes Partenaire Circulaire sur le programme de recyclage REKUPO<\/strong><\/li>\n<\/ul>\n\n\n\n<p><\/p>\n\n\n\n<p><img decoding=\"async\" width=\"1024\" height=\"724\" class=\"wp-image-1891 alignleft\" style=\"width: 429px; height: auto;\" src=\"http:\/\/www.monsoti.fr\/wp-content\/uploads\/2024\/05\/Consignes-DECHETS-BUREAUX-1-pdf-1024x724.jpg\" alt=\"\"><\/p>\n\n\n\n<p>L&rsquo;impact climatique des d\u00e9chets ne se limite pas \u00e0 leur seul traitement ; du d\u00e9but \u00e0 leur fin de vie, les produits qui deviennent des d\u00e9chets \u00e9mettent une quantit\u00e9 massive et non n\u00e9gligeable de gaz \u00e0 effet de serre. Plus que le traitement, c&rsquo;est l&rsquo;\u00e9tape de production qui se r\u00e9v\u00e8le la plus \u00e9mettrice &#8211; d&rsquo;o\u00f9 l&rsquo;int\u00e9r\u00eat et la n\u00e9cessit\u00e9 de d\u00e9velopper des logiques de r\u00e9emploi et de r\u00e9paration pour allonger la dur\u00e9e de vie de nos objets et diminuer d&rsquo;autant la pression climatique induite par leur fabrication.<\/p>\n<\/div><\/div>\n\n\n\n<p class=\"has-text-align-right has-black-color has-text-color has-link-color wp-elements-f6690de006ff40be8a21351bfd0c8d4b\"><em><strong>NOS \u00c9QUIPES CONTRIBUENT \u00c0 CETTE N\u00c9CESSIT\u00c9 D&rsquo;ACHATS ET DE SENSIBILISATIONS RESPONSABLES.&nbsp;<\/strong><\/em><\/p>\n<\/div>\n<\/div>\n\n\n<\/div>\n<p><!-- \/wp:column --><\/div>\n<p><!-- \/wp:columns --><\/p>","protected":false},"excerpt":{"rendered":"<p>\u00c9COSYST\u00c8ME Une r\u00e9ponse au changement climatique. &nbsp; Il est de plus en plus difficile d&rsquo;ignorer l&rsquo;impact de nos d\u00e9chets sur le climat. L&rsquo;impact climatique des d\u00e9chets en France est \u00e9valu\u00e9 \u00e0 environ 4 % des \u00e9missions de gaz \u00e0 effet de serre (GES) d&rsquo;apr\u00e8s le Haut Conseil pour le climat. La gestion des d\u00e9chets de<\/p><\/div>\n<div class=\"blog-btn\"><a href=\"https:\/\/www.monsoti.fr\/index.php\/dechets-climat\/\" class=\"home-blog-btn\">Read More<\/a><\/p>\n","protected":false},"author":1,"featured_media":0,"parent":0,"menu_order":0,"comment_status":"closed","ping_status":"closed","template":"template\/template-page-full-width.php","meta":{"footnotes":""},"_links":{"self":[{"href":"https:\/\/www.monsoti.fr\/index.php\/wp-json\/wp\/v2\/pages\/1874"}],"collection":[{"href":"https:\/\/www.monsoti.fr\/index.php\/wp-json\/wp\/v2\/pages"}],"about":[{"href":"https:\/\/www.monsoti.fr\/index.php\/wp-json\/wp\/v2\/types\/page"}],"author":[{"embeddable":true,"href":"https:\/\/www.monsoti.fr\/index.php\/wp-json\/wp\/v2\/users\/1"}],"replies":[{"embeddable":true,"href":"https:\/\/www.monsoti.fr\/index.php\/wp-json\/wp\/v2\/comments?post=1874"}],"version-history":[{"count":9,"href":"https:\/\/www.monsoti.fr\/index.php\/wp-json\/wp\/v2\/pages\/1874\/revisions"}],"predecessor-version":[{"id":2240,"href":"https:\/\/www.monsoti.fr\/index.php\/wp-json\/wp\/v2\/pages\/1874\/revisions\/2240"}],"wp:attachment":[{"href":"https:\/\/www.monsoti.fr\/index.php\/wp-json\/wp\/v2\/media?parent=1874"}],"curies":[{"name":"wp","href":"https:\/\/api.w.org\/{rel}","templated":true}]}}