{"id":1291,"date":"2024-05-12T21:07:50","date_gmt":"2024-05-12T19:07:50","guid":{"rendered":"http:\/\/www.monsoti.fr\/?page_id=1291"},"modified":"2024-05-26T19:55:40","modified_gmt":"2024-05-26T17:55:40","slug":"transition-bas-carbone","status":"publish","type":"page","link":"https:\/\/www.monsoti.fr\/index.php\/transition-bas-carbone\/","title":{"rendered":"Engagement collectif vers nos m\u00e9tiers bas carbone"},"content":{"rendered":"\n<div class=\"wp-block-group alignfull\"><div class=\"wp-block-group__inner-container is-layout-constrained wp-block-group-is-layout-constrained\">\n<p>En tant qu\u2019acteur engag\u00e9, Le Groupe GBE a souhait\u00e9 r\u00e9aliser un bilan de ses \u00e9missions de gaz \u00e0 effet de serre et s\u2019engager dans une d\u00e9marche de transition via le Diag D\u00e9carbon\u2019action propos\u00e9 par Bpifrance, en partenariat avec l\u2019ADEME et en collaboration avec l\u2019ABC. L\u2019accompagnement a \u00e9t\u00e9 r\u00e9alis\u00e9 par la soci\u00e9t\u00e9 Greenaffair.<\/p>\n\n\n\n<p class=\"has-vivid-green-cyan-background-color has-background\"><strong><em>UNE PRISE DE PAROLE COLLECTIVE VERS NOS M\u00c9TIERS BAS CARBONE<\/em><\/strong><\/p>\n\n\n\n<p>\u00c9logie-Siemp est un client fid\u00e8le et important pour le Groupe. Dans le cadre de son Plan Climat adopt\u00e9 en 2019, Elogie-Siemp s\u2019est engag\u00e9 \u00e0 r\u00e9duire son empreinte carbone de 40% d\u2019ici 2030. En construisant des b\u00e2timents toujours plus performants mais aussi en travaillant avec ses partenaires&nbsp;en&nbsp;interventions et entretien de son patrimoine dans un objectif de r\u00e9duction de nos \u00e9missions de GES.&nbsp;<strong>Nous avons rejoint ce mouvement vers une Gouvernance bas carbone.<\/strong><\/p>\n\n\n\n<p>C\u2019est un engagement collectif pour lequel nous avons d\u00e9cid\u00e9 de r\u00e9fl\u00e9chir, avec d\u2019autres acteurs du march\u00e9, aux moyens d\u2019engager et d\u2019amplifier la r\u00e9duction de l\u2019empreinte carbone li\u00e9e \u00e0 nos interventions d\u2019entretien ou de maintenance, car chacun a un r\u00f4le \u00e0 jouer. A l\u2019issue de s\u00e9ances de travail tout au long de l\u2019ann\u00e9e 2023, les signataires du pr\u00e9sent engagement ont pu \u00e9tudier leurs r\u00f4les et moyens d\u2019action pour la r\u00e9duction des \u00e9missions de gaz \u00e0 effet de serre.<\/p>\n\n\n\n<p><a href=\"https:\/\/elogie-siemp.paris\/actualites\/elogie-siemp-et-ses-partenaires-sengagent-pour-la-transition-bas-carbone\/\"><strong><em>Notre engagement pour la transition bas carbone <\/em><\/strong><\/a><\/p>\n\n\n\n<p class=\"has-vivid-green-cyan-background-color has-background\"><strong><em>NOS ENGAGEMENTS<\/em><\/strong><\/p>\n\n\n\n<div class=\"wp-block-group\"><div class=\"wp-block-group__inner-container is-layout-constrained wp-block-group-is-layout-constrained\">\n<p><\/p>\n\n\n\n<p><strong>Niveau 1 :<\/strong>&nbsp;Connaitre : identifier et mesurer son empreinte carbone.<\/p>\n\n\n\n<p><strong>Niveau 2 :<\/strong>&nbsp;Agir : programmer ou engager des actions th\u00e9matiques<\/p>\n\n\n\n<p><strong>Niveau 3 :<\/strong>&nbsp;S\u2019engager sur le niveau de r\u00e9duction global&nbsp;<em>(objectif d\u2019engagement pour 2025)<\/em>.<\/p>\n<\/div><\/div>\n\n\n\n<p class=\"has-vivid-green-cyan-background-color has-background\"><strong><em>NOS ACTIONS<\/em><\/strong><\/p>\n\n\n\n<p>Les signataires conviennent d\u2019un RV semestriel afin de partager leurs retours d\u2019exp\u00e9riences, et de renforcer leurs engagements au fil du temps autant que possible, avec la possibilit\u00e9 pour chacun de relever son niveau d\u2019engagement.<\/p>\n\n\n\n<p>Quels que soient nos engagements individuels ou notre niveau de maturit\u00e9 sur les sujets de gaz \u00e0 effet de serre, nous avons tous conclu que chacun d\u2019entre nous pouvait participer \u00e0 cette ambition collective de r\u00e9duire notre empreinte environnementale.<\/p>\n\n\n\n<p><strong>Les partenaires voient aussi un int\u00e9r\u00eat pour une d\u00e9marche collective, pour trouver des solutions en commun et de b\u00e9n\u00e9ficier de retours d\u2019exp\u00e9rience.<\/strong><\/p>\n<\/div><\/div>\n\n\n\n<h2 class=\"wp-block-heading\" style=\"font-size:38px;line-height:1.4\"><\/h2>\n\n\n\n\n\n<hr class=\"wp-block-separator has-css-opacity is-style-default\"\/>\n\n\n<div class=\"wp-block-image is-style-rounded\">\n<figure class=\"aligncenter size-large is-resized\"><img decoding=\"async\" src=\"http:\/\/www.monsoti.fr\/wp-content\/uploads\/2024\/05\/IMG_2479-copie.jpg\" alt=\"Un portrait de profil d\u2019une femme portant un pull \u00e0 col roul\u00e9 ocre et un sac blanc. Elle regarde en l\u2019air et ferme les yeux.\" style=\"width:192px;height:155px\"\/><\/figure><\/div>\n\n\n<p class=\"has-small-font-size\" id=\"block-8674228a-2e1c-4501-97af-aa0e979feaee\">\u00ab&nbsp;<em>Notre syst\u00e8me climatique repose sur un \u00e9quilibre tr\u00e8s fragile. Cet \u00e9quilibre est mis en danger par les \u00e9missions de gaz \u00e0 effet de serre li\u00e9es aux activit\u00e9s humaines. Pour y faire face, l\u2019agenda 2030 de l&rsquo;ONU promet de transformer notre monde, mais \u00e0 mi-parcours en 2023, seuls 15% des Objectifs de d\u00e9veloppement durable sont atteints. Malgr\u00e9 tout, il faut refuser la r\u00e9signation et s&rsquo;inspirer d\u2019un management strat\u00e9gique pour redonner vie \u00e0 cet espoir \u00e9cologique. Il s\u2019agit d\u2019imposer un management responsable et le recentrer sur son r\u00f4le&nbsp;v\u00e9ritable : assurer le d\u00e9veloppement du potentiel humain en symbiose avec l\u2019environnement.&nbsp;Cette question est au c\u0153ur des bouleversements men\u00e9s pour r\u00e9pondre aux enjeux de demain et anticiper d\u00e8s aujourd\u2019hui l&rsquo;arriv\u00e9e de nos m\u00e9tiers bas carbone.<\/em> \u00bb<\/p>\n\n\n\n<p class=\"has-text-align-right has-small-font-size\" id=\"block-8b4a04a2-8432-4253-a304-210f55bfe718\">\u2014 David MONTI, <em>Directeur G\u00e9n\u00e9ral Groupe GBE<\/em><\/p>\n\n\n\n<hr class=\"wp-block-separator has-css-opacity is-style-default\"\/>\n\n\n\n<p><\/p>\n","protected":false},"excerpt":{"rendered":"<p>En tant qu\u2019acteur engag\u00e9, Le Groupe GBE a souhait\u00e9 r\u00e9aliser un bilan de ses \u00e9missions de gaz \u00e0 effet de serre et s\u2019engager dans une d\u00e9marche de transition via le Diag D\u00e9carbon\u2019action propos\u00e9 par Bpifrance, en partenariat avec l\u2019ADEME et en collaboration avec l\u2019ABC. L\u2019accompagnement a \u00e9t\u00e9 r\u00e9alis\u00e9 par la soci\u00e9t\u00e9 Greenaffair. UNE PRISE DE<\/p><\/div>\n<div class=\"blog-btn\"><a href=\"https:\/\/www.monsoti.fr\/index.php\/transition-bas-carbone\/\" class=\"home-blog-btn\">Read More<\/a><\/p>\n","protected":false},"author":1,"featured_media":0,"parent":0,"menu_order":0,"comment_status":"closed","ping_status":"closed","template":"template\/template-contact.php","meta":{"footnotes":""},"_links":{"self":[{"href":"https:\/\/www.monsoti.fr\/index.php\/wp-json\/wp\/v2\/pages\/1291"}],"collection":[{"href":"https:\/\/www.monsoti.fr\/index.php\/wp-json\/wp\/v2\/pages"}],"about":[{"href":"https:\/\/www.monsoti.fr\/index.php\/wp-json\/wp\/v2\/types\/page"}],"author":[{"embeddable":true,"href":"https:\/\/www.monsoti.fr\/index.php\/wp-json\/wp\/v2\/users\/1"}],"replies":[{"embeddable":true,"href":"https:\/\/www.monsoti.fr\/index.php\/wp-json\/wp\/v2\/comments?post=1291"}],"version-history":[{"count":1,"href":"https:\/\/www.monsoti.fr\/index.php\/wp-json\/wp\/v2\/pages\/1291\/revisions"}],"predecessor-version":[{"id":2140,"href":"https:\/\/www.monsoti.fr\/index.php\/wp-json\/wp\/v2\/pages\/1291\/revisions\/2140"}],"wp:attachment":[{"href":"https:\/\/www.monsoti.fr\/index.php\/wp-json\/wp\/v2\/media?parent=1291"}],"curies":[{"name":"wp","href":"https:\/\/api.w.org\/{rel}","templated":true}]}}